{"id":3158,"date":"2021-10-11T16:50:35","date_gmt":"2021-10-11T16:50:35","guid":{"rendered":"https:\/\/livewp.site\/wp\/md\/ewebot\/our-case-studies-2\/"},"modified":"2021-10-11T16:50:35","modified_gmt":"2021-10-11T16:50:35","slug":"our-case-studies-2","status":"publish","type":"page","link":"https:\/\/gammapr.pl\/en\/our-case-studies-2\/","title":{"rendered":"Our Case Studies"},"content":{"rendered":"\t\t<div data-elementor-type=\"wp-post\" data-elementor-id=\"3158\" class=\"elementor elementor-3158\">\n\t\t\t\t\t\t<section class=\"elementor-section elementor-top-section elementor-element elementor-element-e05a695 elementor-section-boxed elementor-section-height-default elementor-section-height-default\" data-id=\"e05a695\" data-element_type=\"section\">\n\t\t\t\t\t\t<div class=\"elementor-container elementor-column-gap-default\">\n\t\t\t\t\t<div class=\"elementor-column elementor-col-100 elementor-top-column elementor-element elementor-element-39b7e26 elementor-invisible\" data-id=\"39b7e26\" data-element_type=\"column\" data-settings=\"{&quot;animation&quot;:&quot;gt3-slideup-animation&quot;}\">\n\t\t\t<div class=\"elementor-widget-wrap elementor-element-populated\">\n\t\t\t\t\t\t<div class=\"elementor-element elementor-element-3a2ccbc elementor-widget elementor-widget-heading\" data-id=\"3a2ccbc\" data-element_type=\"widget\" data-widget_type=\"heading.default\">\n\t\t\t\t<div class=\"elementor-widget-container\">\n\t\t\t<h2 class=\"elementor-heading-title elementor-size-default\">Our Case Studies<\/h2>\t\t<\/div>\n\t\t\t\t<\/div>\n\t\t\t\t<div class=\"elementor-element-custom_font_family elementor-element-custom_font_weight elementor-element-custom_color elementor-element elementor-element-31b7082 elementor-widget elementor-widget-text-editor\" data-id=\"31b7082\" data-element_type=\"widget\" data-widget_type=\"text-editor.default\">\n\t\t\t\t<div class=\"elementor-widget-container\">\n\t\t\t\t\t\t\t<p>View some of our work and case studies for clients. We will work to deliver that strategy by building out your existing campaigns, or establishing accounts at new networks.<\/p>\t\t\t\t\t\t<\/div>\n\t\t\t\t<\/div>\n\t\t\t\t\t<\/div>\n\t\t<\/div>\n\t\t\t\t\t<\/div>\n\t\t<\/section>\n\t\t\t\t<section class=\"elementor-section elementor-top-section elementor-element elementor-element-2b600e0 elementor-section-boxed elementor-section-height-default elementor-section-height-default\" data-id=\"2b600e0\" data-element_type=\"section\">\n\t\t\t\t\t\t<div class=\"elementor-container elementor-column-gap-default\">\n\t\t\t\t\t<div class=\"elementor-column elementor-col-100 elementor-top-column elementor-element elementor-element-217fda7 elementor-invisible\" data-id=\"217fda7\" data-element_type=\"column\" data-settings=\"{&quot;animation&quot;:&quot;gt3-slideup-animation&quot;}\">\n\t\t\t<div class=\"elementor-widget-wrap elementor-element-populated\">\n\t\t\t\t\t\t<div class=\"elementor-element elementor-element-45bb049 elementor-widget elementor-widget-gt3-core-portfolio\" data-id=\"45bb049\" data-element_type=\"widget\" data-widget_type=\"gt3-core-portfolio.default\">\n\t\t\t\t<div class=\"elementor-widget-container\">\n\t\t\t\t<div class=\"portfolio_wrapper show_type_packery hover_type6 packery_type_7 elementor testimonials_has_grid_gap\" data-post-index=\"12\">\r\n\t\t\t\t\t<div class=\"isotope-filter isotope-filter--isotope\">\r\n\t\t\t\t<a href=\"#\"  data-count=\"5\" class=\"active\" data-filter=\"all\">All<\/a><a href=\"#\" data-count=\"0\" data-filter=\".branding\">Branding<\/a><a href=\"#\" data-count=\"4\" data-filter=\".digital-pr\">Digital PR<\/a><a href=\"#\" data-count=\"1\" data-filter=\".marketing\">Marketing<\/a><a href=\"#\" data-count=\"0\" data-filter=\".seo\">SEO<\/a><a href=\"#\" data-count=\"0\" data-filter=\".web\">Web<\/a>\t\t\t<\/div>\r\n\t\t\t\t<div class=\"isotope_wrapper gt3_isotope_parent items_list gt3_clear\">\r\n\t\t\t<div class=\"isotope_item  creative digital-pr packery_extra_size-large_height loading packery_blog_item_1\"><div class=\"wrapper\"><a href=\"https:\/\/gammapr.pl\/en\/portfolio\/hama-i-ecovacs-na-targach-ifa-2025_\/\" class=\"lightbox\" title=\"Hama i Ecovacs na targach IFA 2025\" target='_self'><div class=\"img_wrap\"><div class=\"img\" ><div class=\"gt3_portfolio_list__image-placeholder\" style=\"padding-bottom:160%;background-color:#6F6D68;\"><\/div><img decoding=\"async\"  srcset=\"https:\/\/gammapr.pl\/wp-content\/uploads\/2025\/10\/IT-Hardware-Ecovacs-IFA-rolka-Facebook-800x1310.jpg 800w, https:\/\/gammapr.pl\/wp-content\/uploads\/2025\/10\/IT-Hardware-Ecovacs-IFA-rolka-Facebook-500x830.jpg 500w, https:\/\/gammapr.pl\/wp-content\/uploads\/2025\/10\/IT-Hardware-Ecovacs-IFA-rolka-Facebook-480x798.jpg 480w, https:\/\/gammapr.pl\/wp-content\/uploads\/2025\/10\/IT-Hardware-Ecovacs-IFA-rolka-Facebook-540x894.jpg 540w, https:\/\/gammapr.pl\/wp-content\/uploads\/2025\/10\/IT-Hardware-Ecovacs-IFA-rolka-Facebook-400x670.jpg 400w, https:\/\/gammapr.pl\/wp-content\/uploads\/2025\/10\/IT-Hardware-Ecovacs-IFA-rolka-Facebook-496x823.jpg 496w, https:\/\/gammapr.pl\/wp-content\/uploads\/2025\/10\/IT-Hardware-Ecovacs-IFA-rolka-Facebook-384x644.jpg 384w, https:\/\/gammapr.pl\/wp-content\/uploads\/2025\/10\/IT-Hardware-Ecovacs-IFA-rolka-Facebook-600x990.jpg 600w,https:\/\/gammapr.pl\/wp-content\/uploads\/2025\/10\/IT-Hardware-Ecovacs-IFA-rolka-Facebook-420x672.jpg 420w\" src=\"https:\/\/gammapr.pl\/wp-content\/uploads\/2025\/10\/IT-Hardware-Ecovacs-IFA-rolka-Facebook-540x894.jpg\" sizes=\"(min-width: 2000px) 800px, (min-width: 1921px) 500px, (min-width: 1600px) 480px, (min-width: 1200px) 540px, (min-width: 992px) 400px, (min-width: 768px) 496px, (min-width: 600px) 384px, (min-width: 420px) 600px, (max-width: 600px) 420px\" title=\"IT Hardware Ecovacs IFA rolka Facebook\" alt=\"\" \/><\/div><\/div><div class=\"text_wrap\"><h4 class=\"title\">Hama i Ecovacs na targach IFA 2025<\/h4><div class=\"categories\"><span>Creative<\/span> <span>Digital PR<\/span><\/div><\/div><\/a><\/div><\/div><div class=\"isotope_item  digital-pr packery_extra_size-default loading packery_blog_item_2\"><div class=\"wrapper\"><a href=\"https:\/\/gammapr.pl\/en\/portfolio\/karty-graficzne-geforce-rtx-akceleruja-aplikacje-wykorzystujace-sztuczna-inteligencje\/\" class=\"lightbox\" title=\"Karty graficzne GeForce RTX akceleruj\u0105 aplikacje wykorzystuj\u0105ce sztuczn\u0105 inteligencj\u0119\" target='_self'><div class=\"img_wrap\"><div class=\"img\" ><div class=\"gt3_portfolio_list__image-placeholder\" style=\"padding-bottom:80%;background-color:#B7ADAC;\"><\/div><img decoding=\"async\"  srcset=\"https:\/\/gammapr.pl\/wp-content\/uploads\/2024\/04\/ITHardware_AI_1-1200x960.png 1200w, https:\/\/gammapr.pl\/wp-content\/uploads\/2024\/04\/ITHardware_AI_1-670x536.png 670w, https:\/\/gammapr.pl\/wp-content\/uploads\/2024\/04\/ITHardware_AI_1-640x512.png 640w, https:\/\/gammapr.pl\/wp-content\/uploads\/2024\/04\/ITHardware_AI_1-540x432.png 540w, https:\/\/gammapr.pl\/wp-content\/uploads\/2024\/04\/ITHardware_AI_1-400x320.png 400w, https:\/\/gammapr.pl\/wp-content\/uploads\/2024\/04\/ITHardware_AI_1-496x396.png 496w, https:\/\/gammapr.pl\/wp-content\/uploads\/2024\/04\/ITHardware_AI_1-384x307.png 384w, https:\/\/gammapr.pl\/wp-content\/uploads\/2024\/04\/ITHardware_AI_1-600x480.png 600w,https:\/\/gammapr.pl\/wp-content\/uploads\/2024\/04\/ITHardware_AI_1-420x336.png 420w\" src=\"https:\/\/gammapr.pl\/wp-content\/uploads\/2024\/04\/ITHardware_AI_1-540x432.png\" sizes=\"(min-width: 2000px) 1200px, (min-width: 1920px) 670px, (min-width: 1620px) 640px, (min-width: 1200px) 540px, (min-width: 992px) 400px, (min-width: 768px) 496px, (min-width: 600px) 384px, (min-width: 420px) 600px, (max-width: 600px) 420px\" title=\"ITHardware_AI_1\" alt=\"\" \/><\/div><\/div><div class=\"text_wrap\"><h4 class=\"title\">Karty graficzne GeForce RTX akceleruj\u0105 aplikacje wykorzystuj\u0105ce sztuczn\u0105 inteligencj\u0119<\/h4><div class=\"categories\"><span>Digital PR<\/span><\/div><\/div><\/a><\/div><\/div><div class=\"isotope_item  digital-pr packery_extra_size-large_height loading packery_blog_item_3\"><div class=\"wrapper\"><a href=\"https:\/\/gammapr.pl\/en\/portfolio\/premiera-i-kampania-testow-nowych-robotow-sprzatajaco-mopujacych-ecovacs-t20-omni-i-n10-plus\/\" class=\"lightbox\" title=\"Premiera i kampania test\u00f3w nowych robot\u00f3w sprz\u0105taj\u0105co-mopuj\u0105cych Ecovacs T20 Omni i N10 Plus\" target='_self'><div class=\"img_wrap\"><div class=\"img\" ><div class=\"gt3_portfolio_list__image-placeholder\" style=\"padding-bottom:160%;background-color:#878C91;\"><\/div><img decoding=\"async\"  srcset=\"https:\/\/gammapr.pl\/wp-content\/uploads\/2023\/11\/Benchmark-800x1310.jpg 800w, https:\/\/gammapr.pl\/wp-content\/uploads\/2023\/11\/Benchmark-500x830.jpg 500w, https:\/\/gammapr.pl\/wp-content\/uploads\/2023\/11\/Benchmark-480x798.jpg 480w, https:\/\/gammapr.pl\/wp-content\/uploads\/2023\/11\/Benchmark-540x894.jpg 540w, https:\/\/gammapr.pl\/wp-content\/uploads\/2023\/11\/Benchmark-400x670.jpg 400w, https:\/\/gammapr.pl\/wp-content\/uploads\/2023\/11\/Benchmark-496x823.jpg 496w, https:\/\/gammapr.pl\/wp-content\/uploads\/2023\/11\/Benchmark-384x644.jpg 384w, https:\/\/gammapr.pl\/wp-content\/uploads\/2023\/11\/Benchmark-600x990.jpg 600w,https:\/\/gammapr.pl\/wp-content\/uploads\/2023\/11\/Benchmark-420x672.jpg 420w\" src=\"https:\/\/gammapr.pl\/wp-content\/uploads\/2023\/11\/Benchmark-540x894.jpg\" sizes=\"(min-width: 2000px) 800px, (min-width: 1921px) 500px, (min-width: 1600px) 480px, (min-width: 1200px) 540px, (min-width: 992px) 400px, (min-width: 768px) 496px, (min-width: 600px) 384px, (min-width: 420px) 600px, (max-width: 600px) 420px\" title=\"Benchmark\" alt=\"\" \/><\/div><\/div><div class=\"text_wrap\"><h4 class=\"title\">Premiera i kampania test\u00f3w nowych robot\u00f3w sprz\u0105taj\u0105co-mopuj\u0105cych Ecovacs T20 Omni i N10 Plus<\/h4><div class=\"categories\"><span>Digital PR<\/span><\/div><\/div><\/a><\/div><\/div><div class=\"isotope_item  marketing packery_extra_size-default loading packery_blog_item_4\"><div class=\"wrapper\"><a href=\"https:\/\/gammapr.pl\/en\/portfolio\/promocja-ladowarek-hama\/\" class=\"lightbox\" title=\"Kampania promocyjna \u0142adowarek Hama mini i GaN\" target='_self'><div class=\"img_wrap\"><div class=\"img\" ><div class=\"gt3_portfolio_list__image-placeholder\" style=\"padding-bottom:80%;background-color:#94829B;\"><\/div><img decoding=\"async\"  srcset=\"https:\/\/gammapr.pl\/wp-content\/uploads\/2023\/09\/Mateusz-Krawczyk-1200x960.jpg 1200w, https:\/\/gammapr.pl\/wp-content\/uploads\/2023\/09\/Mateusz-Krawczyk-670x536.jpg 670w, https:\/\/gammapr.pl\/wp-content\/uploads\/2023\/09\/Mateusz-Krawczyk-640x512.jpg 640w, https:\/\/gammapr.pl\/wp-content\/uploads\/2023\/09\/Mateusz-Krawczyk-540x432.jpg 540w, https:\/\/gammapr.pl\/wp-content\/uploads\/2023\/09\/Mateusz-Krawczyk-400x320.jpg 400w, https:\/\/gammapr.pl\/wp-content\/uploads\/2023\/09\/Mateusz-Krawczyk-496x396.jpg 496w, https:\/\/gammapr.pl\/wp-content\/uploads\/2023\/09\/Mateusz-Krawczyk-384x307.jpg 384w, https:\/\/gammapr.pl\/wp-content\/uploads\/2023\/09\/Mateusz-Krawczyk-600x480.jpg 600w,https:\/\/gammapr.pl\/wp-content\/uploads\/2023\/09\/Mateusz-Krawczyk-420x336.jpg 420w\" src=\"https:\/\/gammapr.pl\/wp-content\/uploads\/2023\/09\/Mateusz-Krawczyk-540x432.jpg\" sizes=\"(min-width: 2000px) 1200px, (min-width: 1920px) 670px, (min-width: 1620px) 640px, (min-width: 1200px) 540px, (min-width: 992px) 400px, (min-width: 768px) 496px, (min-width: 600px) 384px, (min-width: 420px) 600px, (max-width: 600px) 420px\" title=\"Mateusz Krawczyk\" alt=\"\" \/><\/div><\/div><div class=\"text_wrap\"><h4 class=\"title\">Kampania promocyjna \u0142adowarek Hama mini i GaN<\/h4><div class=\"categories\"><span>Marketing<\/span><\/div><\/div><\/a><\/div><\/div><div class=\"isotope_item  digital-pr packery_extra_size-large_height loading packery_blog_item_1\"><div class=\"wrapper\"><a href=\"https:\/\/gammapr.pl\/en\/portfolio\/epson-influ\/\" class=\"lightbox\" title=\"Jak zwi\u0119kszy\u0107 ilo\u015b\u0107 followers\u00f3w na profilu Instagram marki?\" target='_self'><div class=\"img_wrap\"><div class=\"img\" ><div class=\"gt3_portfolio_list__image-placeholder\" style=\"padding-bottom:160%;background-color:#3E578B;\"><\/div><img decoding=\"async\"  srcset=\"https:\/\/gammapr.pl\/wp-content\/uploads\/2020\/05\/Styczen-luty-IG-1-kopia-800x1310.jpg 800w, https:\/\/gammapr.pl\/wp-content\/uploads\/2020\/05\/Styczen-luty-IG-1-kopia-500x830.jpg 500w, https:\/\/gammapr.pl\/wp-content\/uploads\/2020\/05\/Styczen-luty-IG-1-kopia-480x798.jpg 480w, https:\/\/gammapr.pl\/wp-content\/uploads\/2020\/05\/Styczen-luty-IG-1-kopia-540x894.jpg 540w, https:\/\/gammapr.pl\/wp-content\/uploads\/2020\/05\/Styczen-luty-IG-1-kopia-400x670.jpg 400w, https:\/\/gammapr.pl\/wp-content\/uploads\/2020\/05\/Styczen-luty-IG-1-kopia-496x823.jpg 496w, https:\/\/gammapr.pl\/wp-content\/uploads\/2020\/05\/Styczen-luty-IG-1-kopia-384x644.jpg 384w, https:\/\/gammapr.pl\/wp-content\/uploads\/2020\/05\/Styczen-luty-IG-1-kopia-600x990.jpg 600w,https:\/\/gammapr.pl\/wp-content\/uploads\/2020\/05\/Styczen-luty-IG-1-kopia-420x672.jpg 420w\" src=\"https:\/\/gammapr.pl\/wp-content\/uploads\/2020\/05\/Styczen-luty-IG-1-kopia-540x894.jpg\" sizes=\"(min-width: 2000px) 800px, (min-width: 1921px) 500px, (min-width: 1600px) 480px, (min-width: 1200px) 540px, (min-width: 992px) 400px, (min-width: 768px) 496px, (min-width: 600px) 384px, (min-width: 420px) 600px, (max-width: 600px) 420px\" title=\"Stycze\u0144 luty &#8211; IG (1) &#8211; kopia\" alt=\"\" \/><\/div><\/div><div class=\"text_wrap\"><h4 class=\"title\">Jak zwi\u0119kszy\u0107 ilo\u015b\u0107 followers\u00f3w na profilu Instagram marki?<\/h4><div class=\"categories\"><span>Digital PR<\/span><\/div><\/div><\/a><\/div><\/div>\t\t<\/div>\r\n\t\t\t<\/div>\r\n\t<script type=\"application\/json\" id=\"settings--45bb049\">{\"pagination_en\":false,\"show_title\":true,\"show_category\":true,\"use_filter\":true,\"filter_ajax\":false,\"lazyload\":\"\",\"posts_per_page\":3,\"firstLoad\":12,\"load_items\":3,\"grid_gap\":30,\"gap_value\":30,\"gap_unit\":\"px\",\"query\":{\"post_status\":[\"publish\"],\"post_type\":\"portfolio\",\"posts_per_page\":\"3\",\"tax_query\":{\"relation\":\"AND\",\"0\":{\"field\":\"slug\",\"taxonomy\":\"portfolio_category\",\"operator\":\"IN\",\"terms\":[\"branding\",\"digital-pr\",\"marketing\",\"seo\",\"web\"]}},\"paged\":1,\"exclude\":[16065,15770,15575,15459,12972]},\"type\":\"packery\",\"random\":false,\"render_index\":\"12\",\"settings\":{\"filter_ajax\":\"\",\"grid_type\":\"square\",\"cols\":\"3\",\"show_type\":\"packery\",\"packery_type\":\"7\",\"lazyload\":\"\",\"grid_gap\":30},\"term\":\"portfolio_category\",\"packery\":{\"lap\":4,\"grid\":3,\"elem\":{\"1\":{\"h\":2},\"3\":{\"h\":2}}}}<\/script>\t\t<\/div>\n\t\t\t\t<\/div>\n\t\t\t\t<div class=\"elementor-element elementor-element-51746f9 elementor-widget elementor-widget-spacer\" data-id=\"51746f9\" data-element_type=\"widget\" data-widget_type=\"spacer.default\">\n\t\t\t\t<div class=\"elementor-widget-container\">\n\t\t\t\t\t<div class=\"elementor-spacer\">\n\t\t\t<div class=\"elementor-spacer-inner\"><\/div>\n\t\t<\/div>\n\t\t\t\t<\/div>\n\t\t\t\t<\/div>\n\t\t\t\t\t<\/div>\n\t\t<\/div>\n\t\t\t\t\t<\/div>\n\t\t<\/section>\n\t\t\t\t<\/div>\n\t\t","protected":false},"excerpt":{"rendered":"<p>Our Case Studies View some of our work and case studies for clients. We will work to deliver that strategy by building out your existing campaigns, or establishing accounts at new networks. AllBrandingDigital PRMarketingSEOWeb Online Media Management Branding Marketing Mannix Marketing Branding SEO Twice Profit Than Before Marketing Web Content Strategy Digital PR SEO Optimization [&hellip;]<\/p>\n","protected":false},"author":2,"featured_media":0,"parent":0,"menu_order":0,"comment_status":"closed","ping_status":"closed","template":"","meta":{"footnotes":""},"class_list":["post-3158","page","type-page","status-publish","hentry"],"_links":{"self":[{"href":"https:\/\/gammapr.pl\/en\/wp-json\/wp\/v2\/pages\/3158","targetHints":{"allow":["GET"]}}],"collection":[{"href":"https:\/\/gammapr.pl\/en\/wp-json\/wp\/v2\/pages"}],"about":[{"href":"https:\/\/gammapr.pl\/en\/wp-json\/wp\/v2\/types\/page"}],"author":[{"embeddable":true,"href":"https:\/\/gammapr.pl\/en\/wp-json\/wp\/v2\/users\/2"}],"replies":[{"embeddable":true,"href":"https:\/\/gammapr.pl\/en\/wp-json\/wp\/v2\/comments?post=3158"}],"version-history":[{"count":0,"href":"https:\/\/gammapr.pl\/en\/wp-json\/wp\/v2\/pages\/3158\/revisions"}],"wp:attachment":[{"href":"https:\/\/gammapr.pl\/en\/wp-json\/wp\/v2\/media?parent=3158"}],"curies":[{"name":"wp","href":"https:\/\/api.w.org\/{rel}","templated":true}]}}