{"id":782,"date":"2021-07-22T12:28:45","date_gmt":"2021-07-22T12:28:45","guid":{"rendered":"https:\/\/livewp.site\/wp\/md\/ewebot\/our-team\/"},"modified":"2023-08-18T16:20:42","modified_gmt":"2023-08-18T14:20:42","slug":"our-team","status":"publish","type":"page","link":"https:\/\/gammapr.pl\/en\/our-team\/","title":{"rendered":"Our Team"},"content":{"rendered":"<div data-elementor-type=\"wp-page\" data-elementor-id=\"782\" class=\"elementor elementor-782\">\n\t\t\t\t\t\t<section class=\"elementor-section elementor-top-section elementor-element elementor-element-b2f78ac elementor-section-boxed elementor-section-height-default elementor-section-height-default\" data-id=\"b2f78ac\" data-element_type=\"section\">\n\t\t\t\t\t\t<div class=\"elementor-container elementor-column-gap-default\">\n\t\t\t\t\t<div class=\"elementor-column elementor-col-100 elementor-top-column elementor-element elementor-element-71db0f9\" data-id=\"71db0f9\" data-element_type=\"column\">\n\t\t\t<div class=\"elementor-widget-wrap elementor-element-populated\">\n\t\t\t\t\t\t<section class=\"elementor-section elementor-inner-section elementor-element elementor-element-a650e84 elementor-section-boxed elementor-section-height-default elementor-section-height-default\" data-id=\"a650e84\" data-element_type=\"section\">\n\t\t\t\t\t\t<div class=\"elementor-container elementor-column-gap-default\">\n\t\t\t\t\t<div class=\"elementor-column elementor-col-50 elementor-inner-column elementor-element elementor-element-fa1dbed\" data-id=\"fa1dbed\" data-element_type=\"column\">\n\t\t\t<div class=\"elementor-widget-wrap elementor-element-populated\">\n\t\t\t\t\t\t<div class=\"elementor-element-custom_font_size elementor-element-custom_font_family elementor-element-custom_font_weight elementor-element-custom_color elementor-element elementor-element-43c73c0 elementor-widget elementor-widget-text-editor\" data-id=\"43c73c0\" data-element_type=\"widget\" data-widget_type=\"text-editor.default\">\n\t\t\t\t<div class=\"elementor-widget-container\">\n\t\t\t\t\t\t\t<h5>DO\u015aWIADCZENIE<\/h5>\t\t\t\t\t\t<\/div>\n\t\t\t\t<\/div>\n\t\t\t\t<div class=\"elementor-element elementor-element-dead02c elementor-widget elementor-widget-heading\" data-id=\"dead02c\" data-element_type=\"widget\" data-widget_type=\"heading.default\">\n\t\t\t\t<div class=\"elementor-widget-container\">\n\t\t\t<h2 class=\"elementor-heading-title elementor-size-default\">Interdyscyplinarny zesp\u00f3\u0142<\/h2>\t\t<\/div>\n\t\t\t\t<\/div>\n\t\t\t\t<div class=\"elementor-element-custom_font_family elementor-element-custom_font_weight elementor-element-custom_color elementor-element elementor-element-d8b2b28 elementor-widget elementor-widget-text-editor\" data-id=\"d8b2b28\" data-element_type=\"widget\" data-widget_type=\"text-editor.default\">\n\t\t\t\t<div class=\"elementor-widget-container\">\n\t\t\t\t\t\t\t<p>To w\u0142a\u015bnie interdyscyplinarne do\u015bwiadczenie ka\u017cdego z nas pozwala realizowa\u0107 nawet najbardziej skomplikowane i kompleksowe kampanie.<\/p>\t\t\t\t\t\t<\/div>\n\t\t\t\t<\/div>\n\t\t\t\t<div class=\"elementor-element elementor-element-10f5e42 elementor-widget elementor-widget-spacer\" data-id=\"10f5e42\" data-element_type=\"widget\" data-widget_type=\"spacer.default\">\n\t\t\t\t<div class=\"elementor-widget-container\">\n\t\t\t\t\t<div class=\"elementor-spacer\">\n\t\t\t<div class=\"elementor-spacer-inner\"><\/div>\n\t\t<\/div>\n\t\t\t\t<\/div>\n\t\t\t\t<\/div>\n\t\t\t\t<div class=\"elementor-element elementor-element-3dd4bbe elementor-widget elementor-widget-progress\" data-id=\"3dd4bbe\" data-element_type=\"widget\" data-widget_type=\"progress.default\">\n\t\t\t\t<div class=\"elementor-widget-container\">\n\t\t\t\t\t\t<span class=\"elementor-title\" id=\"elementor-progress-bar-3dd4bbe\">\n\t\t\t\tArtificial Intelligence\t\t\t<\/span>\n\t\t\n\t\t<div aria-labelledby=\"elementor-progress-bar-3dd4bbe\" class=\"elementor-progress-wrapper\" role=\"progressbar\" aria-valuemin=\"0\" aria-valuemax=\"100\" aria-valuenow=\"90\">\n\t\t\t<div class=\"elementor-progress-bar\" data-max=\"90\">\n\t\t\t\t<span class=\"elementor-progress-text\"><\/span>\n\t\t\t\t\t\t\t\t\t<span class=\"elementor-progress-percentage\">90%<\/span>\n\t\t\t\t\t\t\t<\/div>\n\t\t<\/div>\n\t\t\t\t<\/div>\n\t\t\t\t<\/div>\n\t\t\t\t<div class=\"elementor-element elementor-element-0689165 elementor-widget elementor-widget-progress\" data-id=\"0689165\" data-element_type=\"widget\" data-widget_type=\"progress.default\">\n\t\t\t\t<div class=\"elementor-widget-container\">\n\t\t\t\t\t\t<span class=\"elementor-title\" id=\"elementor-progress-bar-0689165\">\n\t\t\t\tSocial Selling\t\t\t<\/span>\n\t\t\n\t\t<div aria-labelledby=\"elementor-progress-bar-0689165\" class=\"elementor-progress-wrapper\" role=\"progressbar\" aria-valuemin=\"0\" aria-valuemax=\"100\" aria-valuenow=\"89\">\n\t\t\t<div class=\"elementor-progress-bar\" data-max=\"89\">\n\t\t\t\t<span class=\"elementor-progress-text\"><\/span>\n\t\t\t\t\t\t\t\t\t<span class=\"elementor-progress-percentage\">89%<\/span>\n\t\t\t\t\t\t\t<\/div>\n\t\t<\/div>\n\t\t\t\t<\/div>\n\t\t\t\t<\/div>\n\t\t\t\t<div class=\"elementor-element elementor-element-0458007 elementor-widget elementor-widget-progress\" data-id=\"0458007\" data-element_type=\"widget\" data-widget_type=\"progress.default\">\n\t\t\t\t<div class=\"elementor-widget-container\">\n\t\t\t\t\t\t<span class=\"elementor-title\" id=\"elementor-progress-bar-0458007\">\n\t\t\t\tDigital Marketing\t\t\t<\/span>\n\t\t\n\t\t<div aria-labelledby=\"elementor-progress-bar-0458007\" class=\"elementor-progress-wrapper\" role=\"progressbar\" aria-valuemin=\"0\" aria-valuemax=\"100\" aria-valuenow=\"95\">\n\t\t\t<div class=\"elementor-progress-bar\" data-max=\"95\">\n\t\t\t\t<span class=\"elementor-progress-text\"><\/span>\n\t\t\t\t\t\t\t\t\t<span class=\"elementor-progress-percentage\">95%<\/span>\n\t\t\t\t\t\t\t<\/div>\n\t\t<\/div>\n\t\t\t\t<\/div>\n\t\t\t\t<\/div>\n\t\t\t\t<div class=\"elementor-element elementor-element-0c27681 elementor-widget elementor-widget-spacer\" data-id=\"0c27681\" data-element_type=\"widget\" data-widget_type=\"spacer.default\">\n\t\t\t\t<div class=\"elementor-widget-container\">\n\t\t\t\t\t<div class=\"elementor-spacer\">\n\t\t\t<div class=\"elementor-spacer-inner\"><\/div>\n\t\t<\/div>\n\t\t\t\t<\/div>\n\t\t\t\t<\/div>\n\t\t\t\t\t<\/div>\n\t\t<\/div>\n\t\t\t\t<div class=\"elementor-column elementor-col-50 elementor-inner-column elementor-element elementor-element-c9128e2\" data-id=\"c9128e2\" data-element_type=\"column\">\n\t\t\t<div class=\"elementor-widget-wrap elementor-element-populated\">\n\t\t\t\t\t\t<div class=\"elementor-element elementor-element-7d2d79a elementor-widget elementor-widget-image\" data-id=\"7d2d79a\" data-element_type=\"widget\" data-widget_type=\"image.default\">\n\t\t\t\t<div class=\"elementor-widget-container\">\n\t\t\t\t\t\t\t\t\t\t\t\t\t<img fetchpriority=\"high\" decoding=\"async\" width=\"710\" height=\"473\" src=\"https:\/\/gammapr.pl\/wp-content\/uploads\/2019\/09\/home_img-05.png\" class=\"attachment-full size-full wp-image-1986\" alt=\"\" srcset=\"https:\/\/gammapr.pl\/wp-content\/uploads\/2019\/09\/home_img-05.png 710w, https:\/\/gammapr.pl\/wp-content\/uploads\/2019\/09\/home_img-05-300x200.png 300w, https:\/\/gammapr.pl\/wp-content\/uploads\/2019\/09\/home_img-05-480x320.png 480w\" sizes=\"(max-width: 710px) 100vw, 710px\" title=\"home_img-05\" \/>\t\t\t\t\t\t\t\t\t\t\t\t\t<\/div>\n\t\t\t\t<\/div>\n\t\t\t\t\t<\/div>\n\t\t<\/div>\n\t\t\t\t\t<\/div>\n\t\t<\/section>\n\t\t\t\t\t<\/div>\n\t\t<\/div>\n\t\t\t\t\t<\/div>\n\t\t<\/section>\n\t\t\t\t<section class=\"elementor-section elementor-inner-section elementor-element elementor-element-ec29f34 elementor-section-boxed elementor-section-height-default elementor-section-height-default\" data-id=\"ec29f34\" data-element_type=\"section\">\n\t\t\t\t\t\t<div class=\"elementor-container elementor-column-gap-extended\">\n\t\t\t\t\t<div class=\"elementor-column elementor-col-100 elementor-inner-column elementor-element elementor-element-02ff291\" data-id=\"02ff291\" data-element_type=\"column\">\n\t\t\t<div class=\"elementor-widget-wrap elementor-element-populated\">\n\t\t\t\t\t\t<div class=\"elementor-element-custom_font_size elementor-element-custom_font_family elementor-element-custom_font_weight elementor-element-custom_color elementor-element elementor-element-4a505f4 elementor-widget elementor-widget-text-editor\" data-id=\"4a505f4\" data-element_type=\"widget\" data-widget_type=\"text-editor.default\">\n\t\t\t\t<div class=\"elementor-widget-container\">\n\t\t\t\t\t\t\t<h5>Our Team<\/h5>\t\t\t\t\t\t<\/div>\n\t\t\t\t<\/div>\n\t\t\t\t<div class=\"elementor-element elementor-element-351054f elementor-widget elementor-widget-heading\" data-id=\"351054f\" data-element_type=\"widget\" data-widget_type=\"heading.default\">\n\t\t\t\t<div class=\"elementor-widget-container\">\n\t\t\t<h2 class=\"elementor-heading-title elementor-size-default\">Our Professionals<\/h2>\t\t<\/div>\n\t\t\t\t<\/div>\n\t\t\t\t<div class=\"elementor-element-custom_font_size elementor-element-custom_line_height elementor-element-custom_font_family elementor-element-custom_font_weight elementor-element-custom_color elementor-element elementor-element-97188dd elementor-widget elementor-widget-text-editor\" data-id=\"97188dd\" data-element_type=\"widget\" data-widget_type=\"text-editor.default\">\n\t\t\t\t<div class=\"elementor-widget-container\">\n\t\t\t\t\t\t\t<p>Ne summo dictas pertinacia nam. Illum cetero vocent ei vim, case regione signiferumque vim te.<\/p>\t\t\t\t\t\t<\/div>\n\t\t\t\t<\/div>\n\t\t\t\t<div class=\"elementor-element elementor-element-180d2e8 elementor-widget elementor-widget-spacer\" data-id=\"180d2e8\" data-element_type=\"widget\" data-widget_type=\"spacer.default\">\n\t\t\t\t<div class=\"elementor-widget-container\">\n\t\t\t\t\t<div class=\"elementor-spacer\">\n\t\t\t<div class=\"elementor-spacer-inner\"><\/div>\n\t\t<\/div>\n\t\t\t\t<\/div>\n\t\t\t\t<\/div>\n\t\t\t\t<div class=\"elementor-element elementor-element-04b6175 elementor-widget elementor-widget-spacer\" data-id=\"04b6175\" data-element_type=\"widget\" data-widget_type=\"spacer.default\">\n\t\t\t\t<div class=\"elementor-widget-container\">\n\t\t\t\t\t<div class=\"elementor-spacer\">\n\t\t\t<div class=\"elementor-spacer-inner\"><\/div>\n\t\t<\/div>\n\t\t\t\t<\/div>\n\t\t\t\t<\/div>\n\t\t\t\t\t<\/div>\n\t\t<\/div>\n\t\t\t\t\t<\/div>\n\t\t<\/section>\n\t\t\t\t<section class=\"elementor-section elementor-top-section elementor-element elementor-element-0ec5d7c cloud_animated_bottom elementor-section-boxed elementor-section-height-default elementor-section-height-default\" data-id=\"0ec5d7c\" data-element_type=\"section\" data-settings=\"{&quot;background_background&quot;:&quot;classic&quot;}\">\n\t\t\t\t\t\t<div class=\"elementor-container elementor-column-gap-default\">\n\t\t\t\t\t<div class=\"elementor-column elementor-col-100 elementor-top-column elementor-element elementor-element-5bb5116\" data-id=\"5bb5116\" data-element_type=\"column\">\n\t\t\t<div class=\"elementor-widget-wrap elementor-element-populated\">\n\t\t\t\t\t\t<div class=\"elementor-element elementor-element-5cae4b7 elementor-widget elementor-widget-spacer\" data-id=\"5cae4b7\" data-element_type=\"widget\" data-widget_type=\"spacer.default\">\n\t\t\t\t<div class=\"elementor-widget-container\">\n\t\t\t\t\t<div class=\"elementor-spacer\">\n\t\t\t<div class=\"elementor-spacer-inner\"><\/div>\n\t\t<\/div>\n\t\t\t\t<\/div>\n\t\t\t\t<\/div>\n\t\t\t\t<div class=\"elementor-element-custom_font_size elementor-element-custom_font_family elementor-element-custom_font_weight elementor-element-custom_color elementor-element elementor-element-cb042d9 elementor-widget elementor-widget-text-editor\" data-id=\"cb042d9\" data-element_type=\"widget\" data-widget_type=\"text-editor.default\">\n\t\t\t\t<div class=\"elementor-widget-container\">\n\t\t\t\t\t\t\t<h5>PRZEP\u0141YW PRACY<br><\/h5>\t\t\t\t\t\t<\/div>\n\t\t\t\t<\/div>\n\t\t\t\t<div class=\"elementor-element elementor-element-935060c elementor-widget elementor-widget-heading\" data-id=\"935060c\" data-element_type=\"widget\" data-widget_type=\"heading.default\">\n\t\t\t\t<div class=\"elementor-widget-container\">\n\t\t\t<h2 class=\"elementor-heading-title elementor-size-default\">This is How We Streamline<br>\nOur Design Workflow<\/h2>\t\t<\/div>\n\t\t\t\t<\/div>\n\t\t\t\t<section class=\"elementor-section elementor-inner-section elementor-element elementor-element-2e392da elementor-section-boxed elementor-section-height-default elementor-section-height-default\" data-id=\"2e392da\" data-element_type=\"section\">\n\t\t\t\t\t\t<div class=\"elementor-container elementor-column-gap-default\">\n\t\t\t\t\t<div class=\"elementor-column elementor-col-33 elementor-inner-column elementor-element elementor-element-e338930\" data-id=\"e338930\" data-element_type=\"column\">\n\t\t\t<div class=\"elementor-widget-wrap elementor-element-populated\">\n\t\t\t\t\t\t<div class=\"elementor-element elementor-element-b755386 elementor-widget elementor-widget-spacer\" data-id=\"b755386\" data-element_type=\"widget\" data-widget_type=\"spacer.default\">\n\t\t\t\t<div class=\"elementor-widget-container\">\n\t\t\t\t\t<div class=\"elementor-spacer\">\n\t\t\t<div class=\"elementor-spacer-inner\"><\/div>\n\t\t<\/div>\n\t\t\t\t<\/div>\n\t\t\t\t<\/div>\n\t\t\t\t<div class=\"elementor-element elementor-element-8835bcf elementor-widget elementor-widget-image\" data-id=\"8835bcf\" data-element_type=\"widget\" data-widget_type=\"image.default\">\n\t\t\t\t<div class=\"elementor-widget-container\">\n\t\t\t\t\t\t\t\t\t\t\t\t\t<img decoding=\"async\" width=\"270\" height=\"270\" src=\"https:\/\/gammapr.pl\/wp-content\/uploads\/2019\/07\/img_box_18.png\" class=\"attachment-full size-full wp-image-1036\" alt=\"\" srcset=\"https:\/\/gammapr.pl\/wp-content\/uploads\/2019\/07\/img_box_18.png 270w, https:\/\/gammapr.pl\/wp-content\/uploads\/2019\/07\/img_box_18-150x150.png 150w, https:\/\/gammapr.pl\/wp-content\/uploads\/2019\/07\/img_box_18-50x50.png 50w, https:\/\/gammapr.pl\/wp-content\/uploads\/2019\/07\/img_box_18-100x100.png 100w\" sizes=\"(max-width: 270px) 100vw, 270px\" title=\"img_box_18\" \/>\t\t\t\t\t\t\t\t\t\t\t\t\t<\/div>\n\t\t\t\t<\/div>\n\t\t\t\t<div class=\"elementor-element elementor-element-d6940b5 elementor-position-top elementor-vertical-align-top elementor-widget elementor-widget-gt3-core-imagebox\" data-id=\"d6940b5\" data-element_type=\"widget\" data-widget_type=\"gt3-core-imagebox.default\">\n\t\t\t\t<div class=\"elementor-widget-container\">\n\t\t\t<div class=\"gt3-core-imagebox-wrapper elementor-image_icon-position-default\"><div class=\"gt3-core-imagebox-content\"><div class=\"gt3-core-imagebox-title\"><h5 class=\"gt3-core-imagebox-title\">Dok\u0142adna analiza<\/h5><\/div><p class=\"gt3-core-imagebox-description\">G\u0142\u0119bokie poznanie klienta oraz jego potrzeb to podstawa.<\/p><\/div><\/div>\t\t<\/div>\n\t\t\t\t<\/div>\n\t\t\t\t\t<\/div>\n\t\t<\/div>\n\t\t\t\t<div class=\"elementor-column elementor-col-33 elementor-inner-column elementor-element elementor-element-ab394a3\" data-id=\"ab394a3\" data-element_type=\"column\">\n\t\t\t<div class=\"elementor-widget-wrap elementor-element-populated\">\n\t\t\t\t\t\t<div class=\"elementor-element elementor-element-5750650 elementor-widget elementor-widget-spacer\" data-id=\"5750650\" data-element_type=\"widget\" data-widget_type=\"spacer.default\">\n\t\t\t\t<div class=\"elementor-widget-container\">\n\t\t\t\t\t<div class=\"elementor-spacer\">\n\t\t\t<div class=\"elementor-spacer-inner\"><\/div>\n\t\t<\/div>\n\t\t\t\t<\/div>\n\t\t\t\t<\/div>\n\t\t\t\t<div class=\"elementor-element elementor-element-e5c5dc0 elementor-widget elementor-widget-image\" data-id=\"e5c5dc0\" data-element_type=\"widget\" data-widget_type=\"image.default\">\n\t\t\t\t<div class=\"elementor-widget-container\">\n\t\t\t\t\t\t\t\t\t\t\t\t\t<img decoding=\"async\" width=\"270\" height=\"270\" src=\"https:\/\/gammapr.pl\/wp-content\/uploads\/2019\/07\/img_box_19.png\" class=\"attachment-full size-full wp-image-1037\" alt=\"\" srcset=\"https:\/\/gammapr.pl\/wp-content\/uploads\/2019\/07\/img_box_19.png 270w, https:\/\/gammapr.pl\/wp-content\/uploads\/2019\/07\/img_box_19-150x150.png 150w, https:\/\/gammapr.pl\/wp-content\/uploads\/2019\/07\/img_box_19-50x50.png 50w, https:\/\/gammapr.pl\/wp-content\/uploads\/2019\/07\/img_box_19-100x100.png 100w\" sizes=\"(max-width: 270px) 100vw, 270px\" title=\"img_box_19\" \/>\t\t\t\t\t\t\t\t\t\t\t\t\t<\/div>\n\t\t\t\t<\/div>\n\t\t\t\t<div class=\"elementor-element elementor-element-5212855 elementor-position-top elementor-vertical-align-top elementor-widget elementor-widget-gt3-core-imagebox\" data-id=\"5212855\" data-element_type=\"widget\" data-widget_type=\"gt3-core-imagebox.default\">\n\t\t\t\t<div class=\"elementor-widget-container\">\n\t\t\t<div class=\"gt3-core-imagebox-wrapper elementor-image_icon-position-default\"><div class=\"gt3-core-imagebox-content\"><div class=\"gt3-core-imagebox-title\"><h5 class=\"gt3-core-imagebox-title\">Realizacja<\/h5><\/div><p class=\"gt3-core-imagebox-description\">Ca\u0142y zesp\u00f3\u0142 przechodzi do natychmiastowego dzia\u0142ania, aby osi\u0105gn\u0105\u0107 wszystkie zamierzone KPI<\/p><\/div><\/div>\t\t<\/div>\n\t\t\t\t<\/div>\n\t\t\t\t<div class=\"elementor-element elementor-element-37e6f19 elementor-widget elementor-widget-spacer\" data-id=\"37e6f19\" data-element_type=\"widget\" data-widget_type=\"spacer.default\">\n\t\t\t\t<div class=\"elementor-widget-container\">\n\t\t\t\t\t<div class=\"elementor-spacer\">\n\t\t\t<div class=\"elementor-spacer-inner\"><\/div>\n\t\t<\/div>\n\t\t\t\t<\/div>\n\t\t\t\t<\/div>\n\t\t\t\t\t<\/div>\n\t\t<\/div>\n\t\t\t\t<div class=\"elementor-column elementor-col-33 elementor-inner-column elementor-element elementor-element-59a04c2\" data-id=\"59a04c2\" data-element_type=\"column\">\n\t\t\t<div class=\"elementor-widget-wrap elementor-element-populated\">\n\t\t\t\t\t\t<div class=\"elementor-element elementor-element-4ab1d79 elementor-widget elementor-widget-spacer\" data-id=\"4ab1d79\" data-element_type=\"widget\" data-widget_type=\"spacer.default\">\n\t\t\t\t<div class=\"elementor-widget-container\">\n\t\t\t\t\t<div class=\"elementor-spacer\">\n\t\t\t<div class=\"elementor-spacer-inner\"><\/div>\n\t\t<\/div>\n\t\t\t\t<\/div>\n\t\t\t\t<\/div>\n\t\t\t\t<div class=\"elementor-element elementor-element-dbe2a7a elementor-widget elementor-widget-image\" data-id=\"dbe2a7a\" data-element_type=\"widget\" data-widget_type=\"image.default\">\n\t\t\t\t<div class=\"elementor-widget-container\">\n\t\t\t\t\t\t\t\t\t\t\t\t\t<img loading=\"lazy\" decoding=\"async\" width=\"270\" height=\"270\" src=\"https:\/\/gammapr.pl\/wp-content\/uploads\/2019\/07\/img_box_20.png\" class=\"attachment-full size-full wp-image-1038\" alt=\"\" srcset=\"https:\/\/gammapr.pl\/wp-content\/uploads\/2019\/07\/img_box_20.png 270w, https:\/\/gammapr.pl\/wp-content\/uploads\/2019\/07\/img_box_20-150x150.png 150w, https:\/\/gammapr.pl\/wp-content\/uploads\/2019\/07\/img_box_20-50x50.png 50w, https:\/\/gammapr.pl\/wp-content\/uploads\/2019\/07\/img_box_20-100x100.png 100w\" sizes=\"(max-width: 270px) 100vw, 270px\" title=\"img_box_20\" \/>\t\t\t\t\t\t\t\t\t\t\t\t\t<\/div>\n\t\t\t\t<\/div>\n\t\t\t\t<div class=\"elementor-element elementor-element-3668a4d elementor-position-top elementor-vertical-align-top elementor-widget elementor-widget-gt3-core-imagebox\" data-id=\"3668a4d\" data-element_type=\"widget\" data-widget_type=\"gt3-core-imagebox.default\">\n\t\t\t\t<div class=\"elementor-widget-container\">\n\t\t\t<div class=\"gt3-core-imagebox-wrapper elementor-image_icon-position-default\"><div class=\"gt3-core-imagebox-content\"><div class=\"gt3-core-imagebox-title\"><h5 class=\"gt3-core-imagebox-title\">Satysfakcja<\/h5><\/div><p class=\"gt3-core-imagebox-description\">Dzia\u0142amy, aby osi\u0105gn\u0105\u0107 pe\u0142n\u0105 satysfakcj\u0119 klienta. Bez kompromis\u00f3w. <\/p><\/div><\/div>\t\t<\/div>\n\t\t\t\t<\/div>\n\t\t\t\t\t<\/div>\n\t\t<\/div>\n\t\t\t\t\t<\/div>\n\t\t<\/section>\n\t\t\t\t\t<\/div>\n\t\t<\/div>\n\t\t\t\t\t<\/div>\n\t\t<\/section>\n\t\t\t\t<section class=\"elementor-section elementor-top-section elementor-element elementor-element-bae7d25 elementor-section-boxed elementor-section-height-default elementor-section-height-default\" data-id=\"bae7d25\" data-element_type=\"section\">\n\t\t\t\t\t\t<div class=\"elementor-container elementor-column-gap-default\">\n\t\t\t\t\t<div class=\"elementor-column elementor-col-100 elementor-top-column elementor-element elementor-element-2da1270\" data-id=\"2da1270\" data-element_type=\"column\">\n\t\t\t<div class=\"elementor-widget-wrap elementor-element-populated\">\n\t\t\t\t\t\t<div class=\"elementor-element elementor-element-dffbb87 elementor-widget elementor-widget-spacer\" data-id=\"dffbb87\" data-element_type=\"widget\" data-widget_type=\"spacer.default\">\n\t\t\t\t<div class=\"elementor-widget-container\">\n\t\t\t\t\t<div class=\"elementor-spacer\">\n\t\t\t<div class=\"elementor-spacer-inner\"><\/div>\n\t\t<\/div>\n\t\t\t\t<\/div>\n\t\t\t\t<\/div>\n\t\t\t\t\t<\/div>\n\t\t<\/div>\n\t\t\t\t\t<\/div>\n\t\t<\/section>\n\t\t\t\t<\/div>","protected":false},"excerpt":{"rendered":"<p>DO\u015aWIADCZENIE Interdyscyplinarny zesp\u00f3\u0142 To w\u0142a\u015bnie interdyscyplinarne do\u015bwiadczenie ka\u017cdego z nas pozwala realizowa\u0107 nawet najbardziej skomplikowane i kompleksowe kampanie. Artificial Intelligence 90% Social Selling 89% Digital Marketing 95% Our Team Our Professionals Ne summo dictas pertinacia nam. Illum cetero vocent ei vim, case regione signiferumque vim te. Sandra Willson Chief Operating Officer Dan Brake Senior Digital [&hellip;]<\/p>\n","protected":false},"author":2,"featured_media":0,"parent":0,"menu_order":0,"comment_status":"closed","ping_status":"closed","template":"","meta":{"footnotes":""},"class_list":["post-782","page","type-page","status-publish","hentry"],"_links":{"self":[{"href":"https:\/\/gammapr.pl\/en\/wp-json\/wp\/v2\/pages\/782","targetHints":{"allow":["GET"]}}],"collection":[{"href":"https:\/\/gammapr.pl\/en\/wp-json\/wp\/v2\/pages"}],"about":[{"href":"https:\/\/gammapr.pl\/en\/wp-json\/wp\/v2\/types\/page"}],"author":[{"embeddable":true,"href":"https:\/\/gammapr.pl\/en\/wp-json\/wp\/v2\/users\/2"}],"replies":[{"embeddable":true,"href":"https:\/\/gammapr.pl\/en\/wp-json\/wp\/v2\/comments?post=782"}],"version-history":[{"count":4,"href":"https:\/\/gammapr.pl\/en\/wp-json\/wp\/v2\/pages\/782\/revisions"}],"predecessor-version":[{"id":14729,"href":"https:\/\/gammapr.pl\/en\/wp-json\/wp\/v2\/pages\/782\/revisions\/14729"}],"wp:attachment":[{"href":"https:\/\/gammapr.pl\/en\/wp-json\/wp\/v2\/media?parent=782"}],"curies":[{"name":"wp","href":"https:\/\/api.w.org\/{rel}","templated":true}]}}