{"id":9648,"date":"2021-10-18T12:19:41","date_gmt":"2021-10-18T12:19:41","guid":{"rendered":"https:\/\/livewp.site\/wp\/md\/ewebot\/case-studies-with-ajax\/"},"modified":"2021-10-18T12:19:41","modified_gmt":"2021-10-18T12:19:41","slug":"case-studies-with-ajax","status":"publish","type":"page","link":"https:\/\/gammapr.pl\/en\/case-studies-with-ajax\/","title":{"rendered":"Case Studies with Ajax"},"content":{"rendered":"\t\t<div data-elementor-type=\"wp-page\" data-elementor-id=\"9648\" class=\"elementor elementor-9648\">\n\t\t\t\t\t\t<section class=\"elementor-section elementor-top-section elementor-element elementor-element-3261fdb8 elementor-section-boxed elementor-section-height-default elementor-section-height-default\" data-id=\"3261fdb8\" data-element_type=\"section\">\n\t\t\t\t\t\t<div class=\"elementor-container elementor-column-gap-default\">\n\t\t\t\t\t<div class=\"elementor-column elementor-col-100 elementor-top-column elementor-element elementor-element-13c0d0c2 elementor-invisible\" data-id=\"13c0d0c2\" data-element_type=\"column\" data-settings=\"{&quot;animation&quot;:&quot;gt3-slideup-animation&quot;}\">\n\t\t\t<div class=\"elementor-widget-wrap elementor-element-populated\">\n\t\t\t\t\t\t<div class=\"elementor-element elementor-element-b0d93f4 elementor-widget elementor-widget-heading\" data-id=\"b0d93f4\" data-element_type=\"widget\" data-widget_type=\"heading.default\">\n\t\t\t\t<div class=\"elementor-widget-container\">\n\t\t\t<h2 class=\"elementor-heading-title elementor-size-default\">Case Studies with Ajax<\/h2>\t\t<\/div>\n\t\t\t\t<\/div>\n\t\t\t\t<div class=\"elementor-element-custom_font_family elementor-element-custom_font_weight elementor-element-custom_color elementor-element elementor-element-58eb8acf elementor-widget elementor-widget-text-editor\" data-id=\"58eb8acf\" data-element_type=\"widget\" data-widget_type=\"text-editor.default\">\n\t\t\t\t<div class=\"elementor-widget-container\">\n\t\t\t\t\t\t\t<p>View some of our work and case studies for clients. We will work to deliver that strategy by building out your existing campaigns, or establishing accounts at new networks.<\/p>\t\t\t\t\t\t<\/div>\n\t\t\t\t<\/div>\n\t\t\t\t\t<\/div>\n\t\t<\/div>\n\t\t\t\t\t<\/div>\n\t\t<\/section>\n\t\t\t\t<section class=\"elementor-section elementor-top-section elementor-element elementor-element-2944a290 elementor-section-boxed elementor-section-height-default elementor-section-height-default\" data-id=\"2944a290\" data-element_type=\"section\">\n\t\t\t\t\t\t<div class=\"elementor-container elementor-column-gap-default\">\n\t\t\t\t\t<div class=\"elementor-column elementor-col-100 elementor-top-column elementor-element elementor-element-718f259f elementor-invisible\" data-id=\"718f259f\" data-element_type=\"column\" data-settings=\"{&quot;animation&quot;:&quot;gt3-slideup-animation&quot;}\">\n\t\t\t<div class=\"elementor-widget-wrap elementor-element-populated\">\n\t\t\t\t\t\t<div class=\"elementor-element elementor-element-5c3bcbc elementor-widget elementor-widget-gt3-core-portfolio\" data-id=\"5c3bcbc\" data-element_type=\"widget\" data-widget_type=\"gt3-core-portfolio.default\">\n\t\t\t\t<div class=\"elementor-widget-container\">\n\t\t\t\t<div class=\"portfolio_wrapper show_type_grid hover_type6 packery_type_2 elementor items3 grid_type_square testimonials_has_grid_gap\" data-post-index=\"9\">\r\n\t\t\t\t\t<div class=\"isotope-filter isotope-filter--isotope\">\r\n\t\t\t\t<a href=\"#\"  data-count=\"5\" class=\"active\" data-filter=\"all\">All<\/a><a href=\"#\" data-count=\"0\" data-filter=\".branding\">Branding<\/a><a href=\"#\" data-count=\"4\" data-filter=\".digital-pr\">Digital PR<\/a><a href=\"#\" data-count=\"1\" data-filter=\".marketing\">Marketing<\/a><a href=\"#\" data-count=\"0\" data-filter=\".seo\">SEO<\/a><a href=\"#\" data-count=\"0\" data-filter=\".web\">Web<\/a>\t\t\t<\/div>\r\n\t\t\t\t<div class=\"isotope_wrapper gt3_isotope_parent items_list gt3_clear\">\r\n\t\t\t<div class=\"isotope_item  creative digital-pr loading first-load packery_blog_item_1\"><div class=\"wrapper\"><a href=\"https:\/\/gammapr.pl\/en\/portfolio\/hama-i-ecovacs-na-targach-ifa-2025_\/\" class=\"lightbox\" title=\"Hama i Ecovacs na targach IFA 2025\" target='_self'><div class=\"img_wrap\"><div class=\"img\" ><div class=\"gt3_portfolio_list__image-placeholder\" style=\"padding-bottom:100%;margin-bottom:-100%;background-color:#6F6D68;\"><\/div><img decoding=\"async\"  srcset=\"https:\/\/gammapr.pl\/wp-content\/uploads\/2025\/10\/IT-Hardware-Ecovacs-IFA-rolka-Facebook-1200x1200.jpg 1200w, https:\/\/gammapr.pl\/wp-content\/uploads\/2025\/10\/IT-Hardware-Ecovacs-IFA-rolka-Facebook-670x670.jpg 670w, https:\/\/gammapr.pl\/wp-content\/uploads\/2025\/10\/IT-Hardware-Ecovacs-IFA-rolka-Facebook-640x640.jpg 640w, https:\/\/gammapr.pl\/wp-content\/uploads\/2025\/10\/IT-Hardware-Ecovacs-IFA-rolka-Facebook-540x540.jpg 540w, https:\/\/gammapr.pl\/wp-content\/uploads\/2025\/10\/IT-Hardware-Ecovacs-IFA-rolka-Facebook-400x400.jpg 400w, https:\/\/gammapr.pl\/wp-content\/uploads\/2025\/10\/IT-Hardware-Ecovacs-IFA-rolka-Facebook-496x496.jpg 496w, https:\/\/gammapr.pl\/wp-content\/uploads\/2025\/10\/IT-Hardware-Ecovacs-IFA-rolka-Facebook-384x384.jpg 384w, https:\/\/gammapr.pl\/wp-content\/uploads\/2025\/10\/IT-Hardware-Ecovacs-IFA-rolka-Facebook-600x600.jpg 600w,https:\/\/gammapr.pl\/wp-content\/uploads\/2025\/10\/IT-Hardware-Ecovacs-IFA-rolka-Facebook-420x420.jpg 420w\" src=\"https:\/\/gammapr.pl\/wp-content\/uploads\/2025\/10\/IT-Hardware-Ecovacs-IFA-rolka-Facebook-540x540.jpg\" sizes=\"(min-width: 2000px) 1200px, (min-width: 1920px) 670px, (min-width: 1620px) 640px, (min-width: 1200px) 540px, (min-width: 992px) 400px, (min-width: 768px) 496px, (min-width: 600px) 384px, (min-width: 420px) 600px, (max-width: 600px) 420px\" title=\"IT Hardware Ecovacs IFA rolka Facebook\" alt=\"\" \/><\/div><\/div><div class=\"text_wrap\"><h4 class=\"title\">Hama i Ecovacs na targach IFA 2025<\/h4><div class=\"categories\"><span>Creative<\/span> <span>Digital PR<\/span><\/div><\/div><\/a><\/div><\/div><div class=\"isotope_item  digital-pr loading first-load packery_blog_item_2\"><div class=\"wrapper\"><a href=\"https:\/\/gammapr.pl\/en\/portfolio\/karty-graficzne-geforce-rtx-akceleruja-aplikacje-wykorzystujace-sztuczna-inteligencje\/\" class=\"lightbox\" title=\"Karty graficzne GeForce RTX akceleruj\u0105 aplikacje wykorzystuj\u0105ce sztuczn\u0105 inteligencj\u0119\" target='_self'><div class=\"img_wrap\"><div class=\"img\" ><div class=\"gt3_portfolio_list__image-placeholder\" style=\"padding-bottom:100%;margin-bottom:-100%;background-color:#B7ADAC;\"><\/div><img decoding=\"async\"  srcset=\"https:\/\/gammapr.pl\/wp-content\/uploads\/2024\/04\/ITHardware_AI_1-1200x1200.png 1200w, https:\/\/gammapr.pl\/wp-content\/uploads\/2024\/04\/ITHardware_AI_1-670x670.png 670w, https:\/\/gammapr.pl\/wp-content\/uploads\/2024\/04\/ITHardware_AI_1-640x640.png 640w, https:\/\/gammapr.pl\/wp-content\/uploads\/2024\/04\/ITHardware_AI_1-540x540.png 540w, https:\/\/gammapr.pl\/wp-content\/uploads\/2024\/04\/ITHardware_AI_1-400x400.png 400w, https:\/\/gammapr.pl\/wp-content\/uploads\/2024\/04\/ITHardware_AI_1-496x496.png 496w, https:\/\/gammapr.pl\/wp-content\/uploads\/2024\/04\/ITHardware_AI_1-384x384.png 384w, https:\/\/gammapr.pl\/wp-content\/uploads\/2024\/04\/ITHardware_AI_1-600x600.png 600w,https:\/\/gammapr.pl\/wp-content\/uploads\/2024\/04\/ITHardware_AI_1-420x420.png 420w\" src=\"https:\/\/gammapr.pl\/wp-content\/uploads\/2024\/04\/ITHardware_AI_1-540x540.png\" sizes=\"(min-width: 2000px) 1200px, (min-width: 1920px) 670px, (min-width: 1620px) 640px, (min-width: 1200px) 540px, (min-width: 992px) 400px, (min-width: 768px) 496px, (min-width: 600px) 384px, (min-width: 420px) 600px, (max-width: 600px) 420px\" title=\"ITHardware_AI_1\" alt=\"\" \/><\/div><\/div><div class=\"text_wrap\"><h4 class=\"title\">Karty graficzne GeForce RTX akceleruj\u0105 aplikacje wykorzystuj\u0105ce sztuczn\u0105 inteligencj\u0119<\/h4><div class=\"categories\"><span>Digital PR<\/span><\/div><\/div><\/a><\/div><\/div><div class=\"isotope_item  digital-pr loading first-load packery_blog_item_3\"><div class=\"wrapper\"><a href=\"https:\/\/gammapr.pl\/en\/portfolio\/premiera-i-kampania-testow-nowych-robotow-sprzatajaco-mopujacych-ecovacs-t20-omni-i-n10-plus\/\" class=\"lightbox\" title=\"Premiera i kampania test\u00f3w nowych robot\u00f3w sprz\u0105taj\u0105co-mopuj\u0105cych Ecovacs T20 Omni i N10 Plus\" target='_self'><div class=\"img_wrap\"><div class=\"img\" ><div class=\"gt3_portfolio_list__image-placeholder\" style=\"padding-bottom:100%;margin-bottom:-100%;background-color:#878C91;\"><\/div><img decoding=\"async\"  srcset=\"https:\/\/gammapr.pl\/wp-content\/uploads\/2023\/11\/Benchmark-1200x1200.jpg 1200w, https:\/\/gammapr.pl\/wp-content\/uploads\/2023\/11\/Benchmark-670x670.jpg 670w, https:\/\/gammapr.pl\/wp-content\/uploads\/2023\/11\/Benchmark-640x640.jpg 640w, https:\/\/gammapr.pl\/wp-content\/uploads\/2023\/11\/Benchmark-540x540.jpg 540w, https:\/\/gammapr.pl\/wp-content\/uploads\/2023\/11\/Benchmark-400x400.jpg 400w, https:\/\/gammapr.pl\/wp-content\/uploads\/2023\/11\/Benchmark-496x496.jpg 496w, https:\/\/gammapr.pl\/wp-content\/uploads\/2023\/11\/Benchmark-384x384.jpg 384w, https:\/\/gammapr.pl\/wp-content\/uploads\/2023\/11\/Benchmark-600x600.jpg 600w,https:\/\/gammapr.pl\/wp-content\/uploads\/2023\/11\/Benchmark-420x420.jpg 420w\" src=\"https:\/\/gammapr.pl\/wp-content\/uploads\/2023\/11\/Benchmark-540x540.jpg\" sizes=\"(min-width: 2000px) 1200px, (min-width: 1920px) 670px, (min-width: 1620px) 640px, (min-width: 1200px) 540px, (min-width: 992px) 400px, (min-width: 768px) 496px, (min-width: 600px) 384px, (min-width: 420px) 600px, (max-width: 600px) 420px\" title=\"Benchmark\" alt=\"\" \/><\/div><\/div><div class=\"text_wrap\"><h4 class=\"title\">Premiera i kampania test\u00f3w nowych robot\u00f3w sprz\u0105taj\u0105co-mopuj\u0105cych Ecovacs T20 Omni i N10 Plus<\/h4><div class=\"categories\"><span>Digital PR<\/span><\/div><\/div><\/a><\/div><\/div><div class=\"isotope_item  marketing loading first-load packery_blog_item_4\"><div class=\"wrapper\"><a href=\"https:\/\/gammapr.pl\/en\/portfolio\/promocja-ladowarek-hama\/\" class=\"lightbox\" title=\"Kampania promocyjna \u0142adowarek Hama mini i GaN\" target='_self'><div class=\"img_wrap\"><div class=\"img\" ><div class=\"gt3_portfolio_list__image-placeholder\" style=\"padding-bottom:100%;margin-bottom:-100%;background-color:#94829B;\"><\/div><img decoding=\"async\"  srcset=\"https:\/\/gammapr.pl\/wp-content\/uploads\/2023\/09\/Mateusz-Krawczyk-1200x1200.jpg 1200w, https:\/\/gammapr.pl\/wp-content\/uploads\/2023\/09\/Mateusz-Krawczyk-670x670.jpg 670w, https:\/\/gammapr.pl\/wp-content\/uploads\/2023\/09\/Mateusz-Krawczyk-640x640.jpg 640w, https:\/\/gammapr.pl\/wp-content\/uploads\/2023\/09\/Mateusz-Krawczyk-540x540.jpg 540w, https:\/\/gammapr.pl\/wp-content\/uploads\/2023\/09\/Mateusz-Krawczyk-400x400.jpg 400w, https:\/\/gammapr.pl\/wp-content\/uploads\/2023\/09\/Mateusz-Krawczyk-496x496.jpg 496w, https:\/\/gammapr.pl\/wp-content\/uploads\/2023\/09\/Mateusz-Krawczyk-384x384.jpg 384w, https:\/\/gammapr.pl\/wp-content\/uploads\/2023\/09\/Mateusz-Krawczyk-600x600.jpg 600w,https:\/\/gammapr.pl\/wp-content\/uploads\/2023\/09\/Mateusz-Krawczyk-420x420.jpg 420w\" src=\"https:\/\/gammapr.pl\/wp-content\/uploads\/2023\/09\/Mateusz-Krawczyk-540x540.jpg\" sizes=\"(min-width: 2000px) 1200px, (min-width: 1920px) 670px, (min-width: 1620px) 640px, (min-width: 1200px) 540px, (min-width: 992px) 400px, (min-width: 768px) 496px, (min-width: 600px) 384px, (min-width: 420px) 600px, (max-width: 600px) 420px\" title=\"Mateusz Krawczyk\" alt=\"\" \/><\/div><\/div><div class=\"text_wrap\"><h4 class=\"title\">Kampania promocyjna \u0142adowarek Hama mini i GaN<\/h4><div class=\"categories\"><span>Marketing<\/span><\/div><\/div><\/a><\/div><\/div><div class=\"isotope_item  digital-pr loading first-load packery_blog_item_5\"><div class=\"wrapper\"><a href=\"https:\/\/gammapr.pl\/en\/portfolio\/epson-influ\/\" class=\"lightbox\" title=\"Jak zwi\u0119kszy\u0107 ilo\u015b\u0107 followers\u00f3w na profilu Instagram marki?\" target='_self'><div class=\"img_wrap\"><div class=\"img\" ><div class=\"gt3_portfolio_list__image-placeholder\" style=\"padding-bottom:100%;margin-bottom:-100%;background-color:#3E578B;\"><\/div><img decoding=\"async\"  srcset=\"https:\/\/gammapr.pl\/wp-content\/uploads\/2020\/05\/Styczen-luty-IG-1-kopia-1200x1200.jpg 1200w, https:\/\/gammapr.pl\/wp-content\/uploads\/2020\/05\/Styczen-luty-IG-1-kopia-670x670.jpg 670w, https:\/\/gammapr.pl\/wp-content\/uploads\/2020\/05\/Styczen-luty-IG-1-kopia-640x640.jpg 640w, https:\/\/gammapr.pl\/wp-content\/uploads\/2020\/05\/Styczen-luty-IG-1-kopia-540x540.jpg 540w, https:\/\/gammapr.pl\/wp-content\/uploads\/2020\/05\/Styczen-luty-IG-1-kopia-400x400.jpg 400w, https:\/\/gammapr.pl\/wp-content\/uploads\/2020\/05\/Styczen-luty-IG-1-kopia-496x496.jpg 496w, https:\/\/gammapr.pl\/wp-content\/uploads\/2020\/05\/Styczen-luty-IG-1-kopia-384x384.jpg 384w, https:\/\/gammapr.pl\/wp-content\/uploads\/2020\/05\/Styczen-luty-IG-1-kopia-600x600.jpg 600w,https:\/\/gammapr.pl\/wp-content\/uploads\/2020\/05\/Styczen-luty-IG-1-kopia-420x420.jpg 420w\" src=\"https:\/\/gammapr.pl\/wp-content\/uploads\/2020\/05\/Styczen-luty-IG-1-kopia-540x540.jpg\" sizes=\"(min-width: 2000px) 1200px, (min-width: 1920px) 670px, (min-width: 1620px) 640px, (min-width: 1200px) 540px, (min-width: 992px) 400px, (min-width: 768px) 496px, (min-width: 600px) 384px, (min-width: 420px) 600px, (max-width: 600px) 420px\" title=\"Stycze\u0144 luty &#8211; IG (1) &#8211; kopia\" alt=\"\" \/><\/div><\/div><div class=\"text_wrap\"><h4 class=\"title\">Jak zwi\u0119kszy\u0107 ilo\u015b\u0107 followers\u00f3w na profilu Instagram marki?<\/h4><div class=\"categories\"><span>Digital PR<\/span><\/div><\/div><\/a><\/div><\/div>\t\t<\/div>\r\n\t\t\t<\/div>\r\n\t<script type=\"application\/json\" id=\"settings--5c3bcbc\">{\"pagination_en\":false,\"show_title\":true,\"show_category\":true,\"use_filter\":true,\"filter_ajax\":true,\"lazyload\":\"\",\"posts_per_page\":3,\"firstLoad\":9,\"load_items\":3,\"grid_gap\":30,\"gap_value\":30,\"gap_unit\":\"px\",\"query\":{\"post_status\":[\"publish\"],\"post_type\":\"portfolio\",\"posts_per_page\":\"3\",\"tax_query\":{\"relation\":\"AND\",\"0\":{\"field\":\"slug\",\"taxonomy\":\"portfolio_category\",\"operator\":\"IN\",\"terms\":[\"branding\",\"digital-pr\",\"marketing\",\"seo\",\"web\"]}},\"paged\":1,\"exclude\":[16065,15770,15575,15459,12972]},\"type\":\"grid\",\"random\":false,\"render_index\":\"9\",\"settings\":{\"filter_ajax\":\"yes\",\"grid_type\":\"square\",\"cols\":\"3\",\"show_type\":\"grid\",\"packery_type\":2,\"lazyload\":\"\",\"grid_gap\":30},\"term\":\"portfolio_category\",\"cols\":\"3\",\"grid_type\":\"square\"}<\/script>\t\t<\/div>\n\t\t\t\t<\/div>\n\t\t\t\t<div class=\"elementor-element elementor-element-2db5abe4 elementor-widget elementor-widget-spacer\" data-id=\"2db5abe4\" data-element_type=\"widget\" data-widget_type=\"spacer.default\">\n\t\t\t\t<div class=\"elementor-widget-container\">\n\t\t\t\t\t<div class=\"elementor-spacer\">\n\t\t\t<div class=\"elementor-spacer-inner\"><\/div>\n\t\t<\/div>\n\t\t\t\t<\/div>\n\t\t\t\t<\/div>\n\t\t\t\t\t<\/div>\n\t\t<\/div>\n\t\t\t\t\t<\/div>\n\t\t<\/section>\n\t\t\t\t<\/div>\n\t\t","protected":false},"excerpt":{"rendered":"<p>Case Studies with Ajax View some of our work and case studies for clients. We will work to deliver that strategy by building out your existing campaigns, or establishing accounts at new networks. AllBrandingDigital PRMarketingSEOWeb Online Media Management Branding Marketing Mannix Marketing Branding SEO Twice Profit Than Before Marketing Web Content Strategy Digital PR SEO [&hellip;]<\/p>\n","protected":false},"author":2,"featured_media":0,"parent":0,"menu_order":0,"comment_status":"closed","ping_status":"closed","template":"","meta":{"footnotes":""},"class_list":["post-9648","page","type-page","status-publish","hentry"],"_links":{"self":[{"href":"https:\/\/gammapr.pl\/en\/wp-json\/wp\/v2\/pages\/9648","targetHints":{"allow":["GET"]}}],"collection":[{"href":"https:\/\/gammapr.pl\/en\/wp-json\/wp\/v2\/pages"}],"about":[{"href":"https:\/\/gammapr.pl\/en\/wp-json\/wp\/v2\/types\/page"}],"author":[{"embeddable":true,"href":"https:\/\/gammapr.pl\/en\/wp-json\/wp\/v2\/users\/2"}],"replies":[{"embeddable":true,"href":"https:\/\/gammapr.pl\/en\/wp-json\/wp\/v2\/comments?post=9648"}],"version-history":[{"count":0,"href":"https:\/\/gammapr.pl\/en\/wp-json\/wp\/v2\/pages\/9648\/revisions"}],"wp:attachment":[{"href":"https:\/\/gammapr.pl\/en\/wp-json\/wp\/v2\/media?parent=9648"}],"curies":[{"name":"wp","href":"https:\/\/api.w.org\/{rel}","templated":true}]}}